{"id":166,"date":"2023-08-17T04:55:04","date_gmt":"2023-08-17T02:55:04","guid":{"rendered":"http:\/\/arduinocuba.ladetec.com\/?post_type=product&#038;p=166"},"modified":"2024-05-05T18:31:48","modified_gmt":"2024-05-05T16:31:48","slug":"cristal-de-cuarzo-16mhz","status":"publish","type":"product","link":"https:\/\/arduinocuba.ladetec.com\/?product=cristal-de-cuarzo-16mhz","title":{"rendered":"Cristal de cuarzo 16MHz"},"content":{"rendered":"<p>Un Cristal de cuarzo u oscilador de cristal es aquel oscilador que incluye en su <a title=\"Realimentaci\u00f3n\" href=\"https:\/\/es.wikipedia.org\/wiki\/Realimentaci%C3%B3n\">realimentaci\u00f3n<\/a>\u00a0un resonador piezoel\u00e9ctrico.<\/p>\n<p>El oscilador de cristal se caracteriza por su estabilidad de frecuencia y pureza de fase, dada por el resonador.<\/p>\n<p>La frecuencia es estable frente a variaciones de la tensi\u00f3n de alimentaci\u00f3n. La dependencia con la temperatura depende del resonador, pero un valor t\u00edpico para cristales de cuarzo es de 0,005% del valor a 25 \u00b0C, en el margen de 0 a 70 \u00b0C.<\/p>\n<p>Estos osciladores admiten un peque\u00f1o ajuste de frecuencia, con un condensador en serie con el resonador, que aproxima la frecuencia de este, de la resonancia serie a la paralela. Este ajuste se puede utilizar en los\u00a0<a title=\"Oscilador controlado por tensi\u00f3n\" href=\"https:\/\/es.wikipedia.org\/wiki\/Oscilador_controlado_por_tensi%C3%B3n\">VCO<\/a>\u00a0para modular su salida.<\/p>\n<ul>\n<li>Cristal de cuarzo de 16 MHz.<\/li>\n<li>Formato de bajo perfil, LP (Low Profile).<\/li>\n<li>Tipo de montaje pasante.<\/li>\n<li>Se\u00f1al fija y estable.<\/li>\n<li>Ideal como base de tiempo en sistemas digitales que requieren gran precisi\u00f3n y fiabilidad.<\/li>\n<\/ul>\n","protected":false},"excerpt":{"rendered":"<p>Un Cristal de cuarzo u oscilador de cristal es aquel oscilador que incluye en su <a title=\"Realimentaci\u00f3n\" href=\"https:\/\/es.wikipedia.org\/wiki\/Realimentaci%C3%B3n\">realimentaci\u00f3n<\/a>\u00a0un resonador piezoel\u00e9ctrico.<\/p>\n<p>El oscilador de cristal se caracteriza por su estabilidad de frecuencia y pureza de fase, dada por el resonador.<\/p>\n","protected":false},"featured_media":167,"comment_status":"open","ping_status":"closed","template":"","meta":{"om_disable_all_campaigns":false,"_monsterinsights_skip_tracking":false,"_monsterinsights_sitenote_active":false,"_monsterinsights_sitenote_note":"","_monsterinsights_sitenote_category":0},"product_cat":[19,38,18],"product_tag":[],"supplier_id":null,"supplier_sku":"","barcode":null,"atum_controlled":true,"out_stock_date":null,"out_stock_threshold":null,"inheritable":false,"inbound_stock":0,"stock_on_hold":0,"sold_today":0,"sales_last_days":0,"reserved_stock":0,"customer_returns":0,"warehouse_damage":0,"lost_in_post":0,"other_logs":0,"out_stock_days":0,"lost_sales":0,"has_location":false,"update_date":"2026-05-06T22:33:46","atum_locations":[],"atum_stock_status":"instock","restock_status":false,"low_stock_amount":10,"sales_update_date":"2026-05-06T22:33:46","calc_backorders":0,"aioseo_notices":[],"jetpack_sharing_enabled":true,"_links":{"self":[{"href":"https:\/\/arduinocuba.ladetec.com\/index.php?rest_route=\/wp\/v2\/product\/166"}],"collection":[{"href":"https:\/\/arduinocuba.ladetec.com\/index.php?rest_route=\/wp\/v2\/product"}],"about":[{"href":"https:\/\/arduinocuba.ladetec.com\/index.php?rest_route=\/wp\/v2\/types\/product"}],"replies":[{"embeddable":true,"href":"https:\/\/arduinocuba.ladetec.com\/index.php?rest_route=%2Fwp%2Fv2%2Fcomments&post=166"}],"wp:featuredmedia":[{"embeddable":true,"href":"https:\/\/arduinocuba.ladetec.com\/index.php?rest_route=\/wp\/v2\/media\/167"}],"wp:attachment":[{"href":"https:\/\/arduinocuba.ladetec.com\/index.php?rest_route=%2Fwp%2Fv2%2Fmedia&parent=166"}],"wp:term":[{"taxonomy":"product_cat","embeddable":true,"href":"https:\/\/arduinocuba.ladetec.com\/index.php?rest_route=%2Fwp%2Fv2%2Fproduct_cat&post=166"},{"taxonomy":"product_tag","embeddable":true,"href":"https:\/\/arduinocuba.ladetec.com\/index.php?rest_route=%2Fwp%2Fv2%2Fproduct_tag&post=166"}],"curies":[{"name":"wp","href":"https:\/\/api.w.org\/{rel}","templated":true}]}}